{"id":98,"date":"2024-05-30T18:06:19","date_gmt":"2024-05-30T16:06:19","guid":{"rendered":"https:\/\/veritatefideles.org\/?page_id=98"},"modified":"2024-05-30T23:55:21","modified_gmt":"2024-05-30T21:55:21","slug":"nos-actions","status":"publish","type":"page","link":"https:\/\/veritatefideles.org\/index.php\/nos-actions\/","title":{"rendered":"Nos actions"},"content":{"rendered":"\n<ul class=\"wp-block-list\">\n<li><strong>Nous \u0153uvrons pour une plus grande visibilit\u00e9 des pr\u00e9lats, \u00e9v\u00eaques et pr\u00eatres catholiques ou la\u00efcs engag\u00e9s qui d\u00e9fendent la Tradition Catholique en leur facilitant l&#8217;acc\u00e8s \u00e0 des tribunes d&#8217;expression.<\/strong> A cet effet, nous organisons des conf\u00e9rences, s\u00e9minaires, tourn\u00e9es, d\u00e9dicaces, \u00e9missions t\u00e9l\u00e9vis\u00e9es ou des interventions sur les r\u00e9seaux sociaux.<\/li>\n<\/ul>\n\n\n\n<ul class=\"wp-block-list\">\n<li><strong>Nous organisons des retraites spirituelles, des pri\u00e8res, des messes et des enseignements pour les fid\u00e8les chr\u00e9tiens dans divers lieux de profonde spiritualit\u00e9.<\/strong><\/li>\n<\/ul>\n\n\n\n<ul class=\"wp-block-list\">\n<li><strong>Nous organisons des \u00e9v\u00e9nements visant \u00e0 rassembler les chr\u00e9tiens catholiques qui partagent un m\u00eame amour pour la Tradition catholique.<\/strong><\/li>\n<\/ul>\n\n\n\n<ul class=\"wp-block-list\">\n<li><strong>Nous organisons des d\u00e9bats sur les th\u00e8mes de la foi et de la v\u00e9rit\u00e9 dans l&#8217;\u00c9glise.<\/strong><\/li>\n<\/ul>\n","protected":false},"excerpt":{"rendered":"","protected":false},"author":1,"featured_media":0,"parent":0,"menu_order":2,"comment_status":"closed","ping_status":"closed","template":"","meta":{"footnotes":""},"class_list":["post-98","page","type-page","status-publish","hentry"],"_links":{"self":[{"href":"https:\/\/veritatefideles.org\/index.php\/wp-json\/wp\/v2\/pages\/98","targetHints":{"allow":["GET"]}}],"collection":[{"href":"https:\/\/veritatefideles.org\/index.php\/wp-json\/wp\/v2\/pages"}],"about":[{"href":"https:\/\/veritatefideles.org\/index.php\/wp-json\/wp\/v2\/types\/page"}],"author":[{"embeddable":true,"href":"https:\/\/veritatefideles.org\/index.php\/wp-json\/wp\/v2\/users\/1"}],"replies":[{"embeddable":true,"href":"https:\/\/veritatefideles.org\/index.php\/wp-json\/wp\/v2\/comments?post=98"}],"version-history":[{"count":3,"href":"https:\/\/veritatefideles.org\/index.php\/wp-json\/wp\/v2\/pages\/98\/revisions"}],"predecessor-version":[{"id":115,"href":"https:\/\/veritatefideles.org\/index.php\/wp-json\/wp\/v2\/pages\/98\/revisions\/115"}],"wp:attachment":[{"href":"https:\/\/veritatefideles.org\/index.php\/wp-json\/wp\/v2\/media?parent=98"}],"curies":[{"name":"wp","href":"https:\/\/api.w.org\/{rel}","templated":true}]}}