{"id":18,"date":"2024-02-03T18:46:14","date_gmt":"2024-02-03T17:46:14","guid":{"rendered":"https:\/\/veritatefideles.org\/?page_id=18"},"modified":"2024-05-31T01:36:49","modified_gmt":"2024-05-30T23:36:49","slug":"qui-sommes-nous","status":"publish","type":"page","link":"https:\/\/veritatefideles.org\/index.php\/qui-sommes-nous\/","title":{"rendered":"Qui sommes nous?"},"content":{"rendered":"<p><!-- Google Tag Manager --><br \/><script>(function(w,d,s,l,i){w[l]=w[l]||[];w[l].push({'gtm.start':<br \/>\nnew Date().getTime(),event:'gtm.js'});var f=d.getElementsByTagName(s)[0],<br \/>\nj=d.createElement(s),dl=l!='dataLayer'?'&l='+l:'';j.async=true;j.src=<br \/>\n'https:\/\/www.googletagmanager.com\/gtm.js?id='+i+dl;f.parentNode.insertBefore(j,f);<br \/>\n})(window,document,'script','dataLayer','GTM-TXT7FRZT');<\/script><br \/><!-- End Google Tag Manager --><\/p>\n\n\n<p class=\"has-normal-font-size\">R\u00e9f\u00e9rons nous \u00e0 Benoit XVI :<\/p>\n\n\n\n<p class=\"has-text-align-left has-normal-font-size\">Pendant longtemps, le th\u00e8me de la \u00ab v\u00e9rit\u00e9 \u00bb a \u00e9t\u00e9 mis de c\u00f4t\u00e9 parce qu\u2019il semblait trop vaste pour l\u2019homme. Personne n\u2019ose plus dire \u00ab Nous poss\u00e9dons la v\u00e9rit\u00e9 \u00bb, de sorte que m\u00eame nous, th\u00e9ologiens, avons de plus en plus n\u00e9glig\u00e9 le concept de v\u00e9rit\u00e9. Au cours de ces ann\u00e9es de lutte, dans les ann\u00e9es 1970, j\u2019ai pris de plus en plus conscience que si nous laissons la v\u00e9rit\u00e9 de c\u00f4t\u00e9, \u00e0 quoi cela sert-il ? La v\u00e9rit\u00e9 doit toujours rester au centre. Il est vrai que nous ne pouvons pas dire : \u00ab Je poss\u00e8de la v\u00e9rit\u00e9 \u00bb, mais la v\u00e9rit\u00e9 nous poss\u00e8de, elle nous a touch\u00e9s. Et nous essayons de nous laisser guider par ce contact. Lorsque j\u2019ai \u00e9t\u00e9 ordonn\u00e9 \u00e9v\u00eaque, ces paroles de la troisi\u00e8me lettre de Jean me sont venues \u00e0 l\u2019esprit : nous sommes \u00ab des collaborateurs de la v\u00e9rit\u00e9 \u00bb. Avec la v\u00e9rit\u00e9, puisque c\u2019est une personne, on peut collaborer. Vous pouvez travailler dur pour&nbsp;elle,&nbsp;essayer\u2026<\/p>\n\n\n\n<blockquote class=\"wp-block-quote has-text-align-center is-layout-flow wp-block-quote-is-layout-flow\">\n<p class=\"has-large-font-size\"><em>Nous servons la v\u00e9rit\u00e9 re\u00e7ue dans la tradition catholique. Nous voulons la faire vivre et r\u00e9sonner dans notre vie, la transmettre selon la volont\u00e9 de notre Seigneur.<\/em><\/p>\n\n\n\n<figure class=\"wp-block-image size-full is-resized\"><img loading=\"lazy\" decoding=\"async\" width=\"720\" height=\"514\" src=\"https:\/\/veritatefideles.org\/wp-content\/uploads\/2024\/02\/WhatsApp-Image-2023-11-25-a-13.06.32_b006dc74.jpg\" alt=\"\" class=\"wp-image-19\" style=\"width:921px;height:auto\" srcset=\"https:\/\/veritatefideles.org\/wp-content\/uploads\/2024\/02\/WhatsApp-Image-2023-11-25-a-13.06.32_b006dc74.jpg 720w, https:\/\/veritatefideles.org\/wp-content\/uploads\/2024\/02\/WhatsApp-Image-2023-11-25-a-13.06.32_b006dc74-300x214.jpg 300w, https:\/\/veritatefideles.org\/wp-content\/uploads\/2024\/02\/WhatsApp-Image-2023-11-25-a-13.06.32_b006dc74-421x300.jpg 421w\" sizes=\"auto, (max-width: 720px) 100vw, 720px\" \/><\/figure>\n<\/blockquote>\n\n\n\n<div class=\"wp-block-buttons is-layout-flex wp-block-buttons-is-layout-flex\"><\/div>\n\n\n\n<div class=\"wp-block-buttons is-layout-flex wp-block-buttons-is-layout-flex\"><\/div>\n","protected":false},"excerpt":{"rendered":"<p>R\u00e9f\u00e9rons nous \u00e0 Benoit XVI : Pendant longtemps, le th\u00e8me de la \u00ab v\u00e9rit\u00e9 \u00bb a \u00e9t\u00e9 mis de c\u00f4t\u00e9 parce qu\u2019il semblait trop vaste &hellip;<\/p>\n","protected":false},"author":1,"featured_media":0,"parent":0,"menu_order":1,"comment_status":"closed","ping_status":"closed","template":"","meta":{"footnotes":""},"class_list":["post-18","page","type-page","status-publish","hentry"],"_links":{"self":[{"href":"https:\/\/veritatefideles.org\/index.php\/wp-json\/wp\/v2\/pages\/18","targetHints":{"allow":["GET"]}}],"collection":[{"href":"https:\/\/veritatefideles.org\/index.php\/wp-json\/wp\/v2\/pages"}],"about":[{"href":"https:\/\/veritatefideles.org\/index.php\/wp-json\/wp\/v2\/types\/page"}],"author":[{"embeddable":true,"href":"https:\/\/veritatefideles.org\/index.php\/wp-json\/wp\/v2\/users\/1"}],"replies":[{"embeddable":true,"href":"https:\/\/veritatefideles.org\/index.php\/wp-json\/wp\/v2\/comments?post=18"}],"version-history":[{"count":13,"href":"https:\/\/veritatefideles.org\/index.php\/wp-json\/wp\/v2\/pages\/18\/revisions"}],"predecessor-version":[{"id":164,"href":"https:\/\/veritatefideles.org\/index.php\/wp-json\/wp\/v2\/pages\/18\/revisions\/164"}],"wp:attachment":[{"href":"https:\/\/veritatefideles.org\/index.php\/wp-json\/wp\/v2\/media?parent=18"}],"curies":[{"name":"wp","href":"https:\/\/api.w.org\/{rel}","templated":true}]}}