{"id":125,"date":"2024-05-31T00:42:30","date_gmt":"2024-05-30T22:42:30","guid":{"rendered":"https:\/\/veritatefideles.org\/?page_id=125"},"modified":"2024-05-31T12:08:42","modified_gmt":"2024-05-31T10:08:42","slug":"devenir-membre","status":"publish","type":"page","link":"https:\/\/veritatefideles.org\/index.php\/devenir-membre\/","title":{"rendered":"Faire un don"},"content":{"rendered":"\n<p>Vous pouvez aider l&#8217;association pour ses activit\u00e9s et ses projets et ainsi vous contribuerez \u00e0 mieux faire connaitre les enseignements de notre Magist\u00e8re<\/p>\n\n\n\n<p>Il y a trois moyens pour nous faire parvenir vos dons :<\/p>\n\n\n\n<ul class=\"wp-block-list\">\n<li>A travers notre compte HelloAsso, Plateforme officielle des associations fran\u00e7aises (Vous y recevrez des re\u00e7us fiscaux). Lien pour faire des dons : <a href=\"https:\/\/www.helloasso.com\/associations\/veritate-fideles\/formulaires\/1\">https:\/\/www.helloasso.com\/associations\/veritate-fideles\/formulaires\/1<\/a><\/li>\n\n\n\n<li>Vous pouvez \u00e9galement nous faire un virement bancaire sur le compte bancaire de notre association dont les r\u00e9f\u00e9rences sont les suivantes : <strong>ASSOCIATION VERITATE FIDELES  &#8211; Caisse d&#8217;Epargne Poitou Charente &#8211; IBAN : FR76 1333 5000 4008 0026 9854 504 <\/strong><\/li>\n\n\n\n<li>Enfin vous pouvez nous faire parvenir votre ch\u00e8que \u00e0 l&#8217;adresse suivante : <strong>ASSOCIATION VERITATE FIDELES, 5 rue Alexander Taylor, 64000 Pau &#8211; France<\/strong><\/li>\n<\/ul>\n\n\n\n<p><\/p>\n","protected":false},"excerpt":{"rendered":"<p>Vous pouvez aider l&#8217;association pour ses activit\u00e9s et ses projets et ainsi vous contribuerez \u00e0 mieux faire connaitre les enseignements de notre Magist\u00e8re Il y &hellip;<\/p>\n","protected":false},"author":3,"featured_media":0,"parent":0,"menu_order":0,"comment_status":"closed","ping_status":"closed","template":"","meta":{"footnotes":""},"class_list":["post-125","page","type-page","status-publish","hentry"],"_links":{"self":[{"href":"https:\/\/veritatefideles.org\/index.php\/wp-json\/wp\/v2\/pages\/125","targetHints":{"allow":["GET"]}}],"collection":[{"href":"https:\/\/veritatefideles.org\/index.php\/wp-json\/wp\/v2\/pages"}],"about":[{"href":"https:\/\/veritatefideles.org\/index.php\/wp-json\/wp\/v2\/types\/page"}],"author":[{"embeddable":true,"href":"https:\/\/veritatefideles.org\/index.php\/wp-json\/wp\/v2\/users\/3"}],"replies":[{"embeddable":true,"href":"https:\/\/veritatefideles.org\/index.php\/wp-json\/wp\/v2\/comments?post=125"}],"version-history":[{"count":7,"href":"https:\/\/veritatefideles.org\/index.php\/wp-json\/wp\/v2\/pages\/125\/revisions"}],"predecessor-version":[{"id":182,"href":"https:\/\/veritatefideles.org\/index.php\/wp-json\/wp\/v2\/pages\/125\/revisions\/182"}],"wp:attachment":[{"href":"https:\/\/veritatefideles.org\/index.php\/wp-json\/wp\/v2\/media?parent=125"}],"curies":[{"name":"wp","href":"https:\/\/api.w.org\/{rel}","templated":true}]}}