{"id":124,"date":"2024-05-31T00:42:30","date_gmt":"2024-05-30T22:42:30","guid":{"rendered":"https:\/\/veritatefideles.org\/?page_id=124"},"modified":"2024-05-31T11:45:02","modified_gmt":"2024-05-31T09:45:02","slug":"notre-equipe","status":"publish","type":"page","link":"https:\/\/veritatefideles.org\/index.php\/notre-equipe\/","title":{"rendered":"Notre \u00e9quipe"},"content":{"rendered":"\n<p>Le Bureau ex\u00e9cutif est compos\u00e9 de fid\u00e8les la\u00efcs suivants :<\/p>\n\n\n\n<ul class=\"wp-block-list\">\n<li><strong>Pr\u00e9sident : <\/strong> Monsieur Serges OTTOU NDOUGOU, r\u00e9sident \u00e0 Rome  <\/li>\n\n\n\n<li><strong>Vice Pr\u00e9sident :<\/strong> Monsieur Thierry DE RAVINEL, r\u00e9sident en France<\/li>\n\n\n\n<li><strong>Secr\u00e9taire G\u00e9n\u00e9rale <\/strong>: Madame Lara PRIETO, r\u00e9sidente en Suisse<\/li>\n\n\n\n<li><strong>Secr\u00e9taire G\u00e9n\u00e9ral adjoint :<\/strong> Monsieur Olivier WIEGAND, r\u00e9sident en Belgique<\/li>\n\n\n\n<li><strong>Tr\u00e9sori\u00e8re :<\/strong> Madame Sophie JANINI, r\u00e9sidente en France<\/li>\n\n\n\n<li><strong>Responsable de la communication :<\/strong> Madame Brigitte DUSSOUBS, r\u00e9sidente en France<\/li>\n\n\n\n<li><strong>Conseiller Principal :<\/strong> Monsieur Philippe SCHEPENS, r\u00e9sident en Belgique<\/li>\n<\/ul>\n","protected":false},"excerpt":{"rendered":"<p>Le Bureau ex\u00e9cutif est compos\u00e9 de fid\u00e8les la\u00efcs suivants :<\/p>\n","protected":false},"author":3,"featured_media":0,"parent":0,"menu_order":0,"comment_status":"closed","ping_status":"closed","template":"","meta":{"footnotes":""},"class_list":["post-124","page","type-page","status-publish","hentry"],"_links":{"self":[{"href":"https:\/\/veritatefideles.org\/index.php\/wp-json\/wp\/v2\/pages\/124","targetHints":{"allow":["GET"]}}],"collection":[{"href":"https:\/\/veritatefideles.org\/index.php\/wp-json\/wp\/v2\/pages"}],"about":[{"href":"https:\/\/veritatefideles.org\/index.php\/wp-json\/wp\/v2\/types\/page"}],"author":[{"embeddable":true,"href":"https:\/\/veritatefideles.org\/index.php\/wp-json\/wp\/v2\/users\/3"}],"replies":[{"embeddable":true,"href":"https:\/\/veritatefideles.org\/index.php\/wp-json\/wp\/v2\/comments?post=124"}],"version-history":[{"count":5,"href":"https:\/\/veritatefideles.org\/index.php\/wp-json\/wp\/v2\/pages\/124\/revisions"}],"predecessor-version":[{"id":174,"href":"https:\/\/veritatefideles.org\/index.php\/wp-json\/wp\/v2\/pages\/124\/revisions\/174"}],"wp:attachment":[{"href":"https:\/\/veritatefideles.org\/index.php\/wp-json\/wp\/v2\/media?parent=124"}],"curies":[{"name":"wp","href":"https:\/\/api.w.org\/{rel}","templated":true}]}}