{"id":123,"date":"2024-05-31T00:42:30","date_gmt":"2024-05-30T22:42:30","guid":{"rendered":"https:\/\/veritatefideles.org\/?page_id=123"},"modified":"2024-05-31T11:42:11","modified_gmt":"2024-05-31T09:42:11","slug":"notre-but","status":"publish","type":"page","link":"https:\/\/veritatefideles.org\/index.php\/notre-but\/","title":{"rendered":"Notre but"},"content":{"rendered":"\n<p>L&#8217;Association VERITATE FIDELES, reconnue en France, a pris racine au sein du groupe Facebook &#8220;Fid\u00e8les amis du Cardinal Robert Sarah&#8221;, avec trois objectifs principaux :<\/p>\n\n\n\n<ul class=\"wp-block-list\">\n<li>Lutter en faveur de la Tradition catholique, sans pour autant se s\u00e9parer des autorit\u00e9s officielles du Vatican<\/li>\n<\/ul>\n\n\n\n<ul class=\"wp-block-list\">\n<li>Offrir aux la\u00efcs une voix libre sans la contrainte des structures eccl\u00e9siales.<\/li>\n<\/ul>\n\n\n\n<ul class=\"wp-block-list\">\n<li>Contre le relativisme moderniste, VERITATE FIDELES veut, par ses activit\u00e9s, d\u00e9fendre les enseignements mill\u00e9naires de l&#8217;\u00c9glise.<\/li>\n<\/ul>\n\n\n\n<p><\/p>\n","protected":false},"excerpt":{"rendered":"<p>L&#8217;Association VERITATE FIDELES, reconnue en France, a pris racine au sein du groupe Facebook &#8220;Fid\u00e8les amis du Cardinal Robert Sarah&#8221;, avec trois objectifs principaux :<\/p>\n","protected":false},"author":3,"featured_media":0,"parent":0,"menu_order":0,"comment_status":"closed","ping_status":"closed","template":"","meta":{"footnotes":""},"class_list":["post-123","page","type-page","status-publish","hentry"],"_links":{"self":[{"href":"https:\/\/veritatefideles.org\/index.php\/wp-json\/wp\/v2\/pages\/123","targetHints":{"allow":["GET"]}}],"collection":[{"href":"https:\/\/veritatefideles.org\/index.php\/wp-json\/wp\/v2\/pages"}],"about":[{"href":"https:\/\/veritatefideles.org\/index.php\/wp-json\/wp\/v2\/types\/page"}],"author":[{"embeddable":true,"href":"https:\/\/veritatefideles.org\/index.php\/wp-json\/wp\/v2\/users\/3"}],"replies":[{"embeddable":true,"href":"https:\/\/veritatefideles.org\/index.php\/wp-json\/wp\/v2\/comments?post=123"}],"version-history":[{"count":3,"href":"https:\/\/veritatefideles.org\/index.php\/wp-json\/wp\/v2\/pages\/123\/revisions"}],"predecessor-version":[{"id":172,"href":"https:\/\/veritatefideles.org\/index.php\/wp-json\/wp\/v2\/pages\/123\/revisions\/172"}],"wp:attachment":[{"href":"https:\/\/veritatefideles.org\/index.php\/wp-json\/wp\/v2\/media?parent=123"}],"curies":[{"name":"wp","href":"https:\/\/api.w.org\/{rel}","templated":true}]}}